{"id":1339,"date":"2025-03-21T11:34:43","date_gmt":"2025-03-21T11:34:43","guid":{"rendered":"https:\/\/expert-themes.com\/wp\/konfer\/?page_id=1339"},"modified":"2025-11-20T20:21:19","modified_gmt":"2025-11-20T20:21:19","slug":"sikca-sorulan-sorular","status":"publish","type":"page","link":"https:\/\/nobelbalkanhealth.com\/en\/sikca-sorulan-sorular\/","title":{"rendered":"Frequently Asked Questions"},"content":{"rendered":"<div data-elementor-type=\"wp-page\" data-elementor-id=\"1339\" class=\"elementor elementor-1339\">\n\t\t\t\t<div class=\"elementor-element elementor-element-a03d27f e-flex e-con-boxed e-con e-parent\" data-id=\"a03d27f\" data-element_type=\"container\">\n\t\t\t\t\t<div class=\"e-con-inner\">\n\t\t\t\t<div class=\"elementor-element elementor-element-3400a31 elementor-widget elementor-widget-faqs\" data-id=\"3400a31\" data-element_type=\"widget\" data-widget_type=\"faqs.default\">\n\t\t\t\t<div class=\"elementor-widget-container\">\n\t\t\t\t\t<!-- ==== faq section start ==== -->\n<section class=\"faq-section p-0 m-0\">    \n    <div class=\"content-column wow fadeInRight\">\n        <div class=\"inner-column\">\n            <!-- Accordion Box -->\n            <ul class=\"accordion-box\">\n                                <!--Block-->\n                <li class=\"accordion block\">\n                    <div class=\"acc-btn te-title\">\n                        <i class=\"icon fa fa-plus\"><\/i>\n                        Will the fair be B2B or B2C?                    <\/div>\n                    <div class=\"acc-content\">\n                        <div class=\"content\">\n                            <div class=\"text te-text\">Our fair is predominantly B2B (business to business) orientated and is primarily open to industry professionals.\nThe aim is to establish business contacts between exhibitors and purchasing delegations, distributors, health agencies, insurance companies and professional buyers from Kosovo, Albania, North Macedonia, Montenegro and neighbouring countries.<\/div>\n                        <\/div>\n                    <\/div>\n                <\/li>\n                                <!--Block-->\n                <li class=\"accordion block active-block\">\n                    <div class=\"acc-btn te-title active\">\n                        <i class=\"icon fa fa-plus\"><\/i>\n                        Will you have a hosted buyer programme?                    <\/div>\n                    <div class=\"acc-content current\">\n                        <div class=\"content\">\n                            <div class=\"text te-text\">Yes. Within the scope of our fair, a hosted buyer programme will be implemented to host selected professional buyers from the region.\nThe buyers accepted to the programme will be provided with pre-planned B2B meeting organisation support in line with the determined criteria and quotas.\n<\/div>\n                        <\/div>\n                    <\/div>\n                <\/li>\n                                <!--Block-->\n                <li class=\"accordion block\">\n                    <div class=\"acc-btn te-title\">\n                        <i class=\"icon fa fa-plus\"><\/i>\n                        Where will the premiere be?                    <\/div>\n                    <div class=\"acc-content\">\n                        <div class=\"content\">\n                            <div class=\"text te-text\">The gala night to be organised within the scope of the fair will be held at Emerald Hotel Pristina.\nGala programme, hours and detailed address information will be sent to all exhibitors via e-mail and official announcements close to the fair date.\n<\/div>\n                        <\/div>\n                    <\/div>\n                <\/li>\n                                <!--Block-->\n                <li class=\"accordion block\">\n                    <div class=\"acc-btn te-title\">\n                        <i class=\"icon fa fa-plus\"><\/i>\n                        Can we get discounted service from your contracted hotel through you?                    <\/div>\n                    <div class=\"acc-content\">\n                        <div class=\"content\">\n                            <div class=\"text te-text\">Yes, we do. We have contracted hotels that offer special advantages for our exhibitors and visitors. To benefit from discounted accommodation opportunities: Derand Hotel Pristina or contact our fair organisation team directly. The current list of contracted hotels and price advantages will be updated periodically according to the fair date.\n<\/div>\n                        <\/div>\n                    <\/div>\n                <\/li>\n                                <!--Block-->\n                <li class=\"accordion block\">\n                    <div class=\"acc-btn te-title\">\n                        <i class=\"icon fa fa-plus\"><\/i>\n                        What are the visiting hours?                    <\/div>\n                    <div class=\"acc-content\">\n                        <div class=\"content\">\n                            <div class=\"text te-text\">Our fair will be open to visitors between 5-6 December 2025 between 10.00 - 18.00 every day.\nIn case of possible changes in visiting hours, updated information will be announced on our website and official social media accounts.<\/div>\n                        <\/div>\n                    <\/div>\n                <\/li>\n                                <!--Block-->\n                <li class=\"accordion block\">\n                    <div class=\"acc-btn te-title\">\n                        <i class=\"icon fa fa-plus\"><\/i>\n                        How many days in advance should we arrive for the fair set-up?                    <\/div>\n                    <div class=\"acc-content\">\n                        <div class=\"content\">\n                            <div class=\"text te-text\">The stand installation process will be started 1 day before the start date of the fair.\nIt is recommended that our exhibitors be in the area on 4 December 2025 in order to meet their technical needs such as stand installation, electricity, internet, logistics, etc.\n<\/div>\n                        <\/div>\n                    <\/div>\n                <\/li>\n                            <\/ul>\n        <\/div>    \n    <\/div>\n<\/section>\n<!--End Faq Section-->\n\t\t\t\t<\/div>\n\t\t\t\t<\/div>\n\t\t\t\t\t<\/div>\n\t\t\t\t<\/div>\n\t\t<div class=\"elementor-element elementor-element-5337c3e e-flex e-con-boxed e-con e-parent\" data-id=\"5337c3e\" data-element_type=\"container\" data-settings=\"{&quot;background_background&quot;:&quot;classic&quot;}\">\n\t\t\t\t\t<div class=\"e-con-inner\">\n\t\t\t\t<div class=\"elementor-element elementor-element-048975e elementor-widget__width-initial elementor-widget elementor-widget-heading\" data-id=\"048975e\" data-element_type=\"widget\" data-widget_type=\"heading.default\">\n\t\t\t\t<div class=\"elementor-widget-container\">\n\t\t\t\t\t    \t\n<div class=\"sec-title main-title-section centered text-center m-0 p-0\">    \n        \n        <h2 class=\"text-reveal-anim te-title\">Take your place at our health fair now!<\/h2>\n        \n    <\/div>\t\t\t\t<\/div>\n\t\t\t\t<\/div>\n\t\t\t\t<div class=\"elementor-element elementor-element-d69c910 elementor-align-center elementor-widget__width-initial elementor-widget elementor-widget-button\" data-id=\"d69c910\" data-element_type=\"widget\" data-widget_type=\"button.default\">\n\t\t\t\t<div class=\"elementor-widget-container\">\n\t\t\t\t\t  \n\n<div id=\"exp-button-d69c910-6493\" class=\"exp-button btn-box p-0 m-0\" data-wow-delay=\"ms\">\n    <a href=\"#\"  target=\"&quot;_blank&quot;\"  rel=\"&quot;nofollow&quot;\" class=\"theme-btn btn-style-one bg-yellow btns\">\n        <span class=\"btn-title\">\n            Become a Participant        <\/span>\n    <\/a>\n<\/div>\t\t\t\t<\/div>\n\t\t\t\t<\/div>\n\t\t\t\t\t<\/div>\n\t\t\t\t<\/div>\n\t\t\t\t<\/div>","protected":false},"excerpt":{"rendered":"<p>Fuar B2B mi, B2C mi olacak? Fuar\u0131m\u0131z a\u011f\u0131rl\u0131kl\u0131 olarak B2B (business to business \/ i\u015fletmeden i\u015fletmeye) odakl\u0131d\u0131r ve \u00f6ncelikle sekt\u00f6r profesyonellerinin ziyaretine a\u00e7\u0131kt\u0131r. Ama\u00e7; kat\u0131l\u0131mc\u0131 firmalar ile Kosova, Arnavutluk, Kuzey Makedonya, Karada\u011f ve \u00e7evre \u00fclkelerden gelecek al\u0131m heyetleri, distrib\u00fct\u00f6rler, sa\u011fl\u0131k acenteleri, sigorta firmalar\u0131 ve profesyonel sat\u0131n almac\u0131lar aras\u0131nda i\u015f ba\u011flant\u0131lar\u0131 kurulmas\u0131n\u0131 sa\u011flamakt\u0131r. Hosted buyer program\u0131n\u0131z [&hellip;]<\/p>","protected":false},"author":1,"featured_media":0,"parent":0,"menu_order":0,"comment_status":"closed","ping_status":"closed","template":"elementor_header_footer","meta":{"footnotes":""},"class_list":["post-1339","page","type-page","status-publish","hentry"],"_links":{"self":[{"href":"https:\/\/nobelbalkanhealth.com\/en\/wp-json\/wp\/v2\/pages\/1339","targetHints":{"allow":["GET"]}}],"collection":[{"href":"https:\/\/nobelbalkanhealth.com\/en\/wp-json\/wp\/v2\/pages"}],"about":[{"href":"https:\/\/nobelbalkanhealth.com\/en\/wp-json\/wp\/v2\/types\/page"}],"author":[{"embeddable":true,"href":"https:\/\/nobelbalkanhealth.com\/en\/wp-json\/wp\/v2\/users\/1"}],"replies":[{"embeddable":true,"href":"https:\/\/nobelbalkanhealth.com\/en\/wp-json\/wp\/v2\/comments?post=1339"}],"version-history":[{"count":7,"href":"https:\/\/nobelbalkanhealth.com\/en\/wp-json\/wp\/v2\/pages\/1339\/revisions"}],"predecessor-version":[{"id":20829,"href":"https:\/\/nobelbalkanhealth.com\/en\/wp-json\/wp\/v2\/pages\/1339\/revisions\/20829"}],"wp:attachment":[{"href":"https:\/\/nobelbalkanhealth.com\/en\/wp-json\/wp\/v2\/media?parent=1339"}],"curies":[{"name":"wp","href":"https:\/\/api.w.org\/{rel}","templated":true}]}}