{"id":1369,"date":"2025-03-21T11:43:28","date_gmt":"2025-03-21T11:43:28","guid":{"rendered":"https:\/\/expert-themes.com\/wp\/konfer\/?page_id=1369"},"modified":"2025-11-19T19:26:53","modified_gmt":"2025-11-19T19:26:53","slug":"hizmetlerimiz","status":"publish","type":"page","link":"https:\/\/nobelbalkanhealth.com\/en\/hizmetlerimiz\/","title":{"rendered":"Our Services"},"content":{"rendered":"<div data-elementor-type=\"wp-page\" data-elementor-id=\"1369\" class=\"elementor elementor-1369\">\n\t\t\t\t<div class=\"elementor-element elementor-element-fcab04d e-flex e-con-boxed e-con e-parent\" data-id=\"fcab04d\" data-element_type=\"container\" data-settings=\"{&quot;background_background&quot;:&quot;classic&quot;}\">\n\t\t\t\t\t<div class=\"e-con-inner\">\n\t\t\t\t<div class=\"elementor-element elementor-element-efce494 exp-post-layout-service-3 elementor-widget elementor-widget-post_grid\" data-id=\"efce494\" data-element_type=\"widget\" data-widget_type=\"post_grid.default\">\n\t\t\t\t<div class=\"elementor-widget-container\">\n\t\t\t\t\t\n<!-- ==== blog section start ==== -->\n<section id=\"post_grid-efce494-3847\" class=\"feature-section-three p-0 m-0 exp-grid\" data-layout=\"masonry\" data-start-page=\"1\" data-max-pages=\"1\" data-total=\"5\" data-next-link=\"\">\n            \n        <div class=\"exp-grid-inner exp-grid-masonry row gutter-40\" data-gutter=\"15\">\n            <div class=\"grid-sizer col-xl-3 col-lg-4 col-md-6 col-sm-12 col-12\"><\/div>\n                        <!-- Feature Block -->\r\n            <div class=\"feature-block-three has-active exp-grid-item col-xl-3 col-lg-4 col-md-6 col-sm-12 col-12 wow fadeInUp\">\r\n                <div class=\"inner-box\">\r\n                                            <div class=\"icon-box te-icons\">\r\n                            <i class=\"icon far fa-map-marked-alt\"><\/i>\r\n                        <\/div>\r\n                    \r\n                                        <div class=\"content\">\r\n                        <h3 class=\"title\"><a class=\"te-title\" href=\"https:\/\/nobelbalkanhealth.com\/en\/service\/confirm-speakers\/\">Location in the Heart of the Balkans<\/a><\/h3>\r\n                                                <div class=\"text te-text\">Pristina: 6 countries within a 2-hour flight distance, a market of 20 million people. \u201cSee in Kosovo, get recognised in the Balkans.\u201d<\/div>\r\n                                            <\/div>\r\n                    <a href=\"https:\/\/nobelbalkanhealth.com\/en\/service\/confirm-speakers\/\" class=\"read-more te-post-btn\"><i class=\"icon fas fa-angle-right\"><\/i><\/a>\r\n                <\/div>\r\n            <\/div>               \r\n                    <!-- Feature Block -->\r\n            <div class=\"feature-block-three has-active exp-grid-item col-xl-3 col-lg-4 col-md-6 col-sm-12 col-12 wow fadeInUp\">\r\n                <div class=\"inner-box\">\r\n                                            <div class=\"icon-box te-icons\">\r\n                            <i class=\"icon fab fa-connectdevelop\"><\/i>\r\n                        <\/div>\r\n                    \r\n                                        <div class=\"content\">\r\n                        <h3 class=\"title\"><a class=\"te-title\" href=\"https:\/\/nobelbalkanhealth.com\/en\/service\/best-digital-ideas\/\">Strong Ties with Turkey<\/a><\/h3>\r\n                                                <div class=\"text te-text\">500+ Turkish companies High cultural trust \u201cThe doors are already open for Turkish brands in Kosovo.\u201d<\/div>\r\n                                            <\/div>\r\n                    <a href=\"https:\/\/nobelbalkanhealth.com\/en\/service\/best-digital-ideas\/\" class=\"read-more te-post-btn\"><i class=\"icon fas fa-angle-right\"><\/i><\/a>\r\n                <\/div>\r\n            <\/div>               \r\n                    <!-- Feature Block -->\r\n            <div class=\"feature-block-three has-active exp-grid-item col-xl-3 col-lg-4 col-md-6 col-sm-12 col-12 wow fadeInUp\">\r\n                <div class=\"inner-box\">\r\n                                            <div class=\"icon-box te-icons\">\r\n                            <i class=\"icon far fa-hand-holding-heart\"><\/i>\r\n                        <\/div>\r\n                    \r\n                                        <div class=\"content\">\r\n                        <h3 class=\"title\"><a class=\"te-title\" href=\"https:\/\/nobelbalkanhealth.com\/en\/service\/networking-people\/\">Rising Health Tourism Demand<\/a><\/h3>\r\n                                                <div class=\"text te-text\">Access to treatment is limited in the countries in the region; Turkey is the first choice with its advanced infrastructure and expert staff.<\/div>\r\n                                            <\/div>\r\n                    <a href=\"https:\/\/nobelbalkanhealth.com\/en\/service\/networking-people\/\" class=\"read-more te-post-btn\"><i class=\"icon fas fa-angle-right\"><\/i><\/a>\r\n                <\/div>\r\n            <\/div>               \r\n                    <!-- Feature Block -->\r\n            <div class=\"feature-block-three has-active exp-grid-item col-xl-3 col-lg-4 col-md-6 col-sm-12 col-12 wow fadeInUp\">\r\n                <div class=\"inner-box\">\r\n                                            <div class=\"icon-box te-icons\">\r\n                            <i class=\"icon far fa-money-bill-wave\"><\/i>\r\n                        <\/div>\r\n                    \r\n                                        <div class=\"content\">\r\n                        <h3 class=\"title\"><a class=\"te-title\" href=\"https:\/\/nobelbalkanhealth.com\/en\/service\/inspiring-keynotes\/\">Economic Stability<\/a><\/h3>\r\n                                                <div class=\"text te-text\">The use of the euro, the low tax advantage and the EU-compliant investment climate make the region extremely attractive for investors.<\/div>\r\n                                            <\/div>\r\n                    <a href=\"https:\/\/nobelbalkanhealth.com\/en\/service\/inspiring-keynotes\/\" class=\"read-more te-post-btn\"><i class=\"icon fas fa-angle-right\"><\/i><\/a>\r\n                <\/div>\r\n            <\/div>               \r\n                    <!-- Feature Block -->\r\n            <div class=\"feature-block-three has-active exp-grid-item col-xl-3 col-lg-4 col-md-6 col-sm-12 col-12 wow fadeInUp\">\r\n                <div class=\"inner-box\">\r\n                                            <div class=\"icon-box te-icons\">\r\n                            <i class=\"icon fab fa-instalod\"><\/i>\r\n                        <\/div>\r\n                    \r\n                                        <div class=\"content\">\r\n                        <h3 class=\"title\"><a class=\"te-title\" href=\"https:\/\/nobelbalkanhealth.com\/en\/service\/art-shows-events\/\">Government &amp; Corporate Support<\/a><\/h3>\r\n                                                <div class=\"text te-text\">T\u00dcK\u0130AD, H\u0130B, TIKA and the Kosovo Ministry of Health are active and strong stakeholders who have played an important role in the progress of the process.<\/div>\r\n                                            <\/div>\r\n                    <a href=\"https:\/\/nobelbalkanhealth.com\/en\/service\/art-shows-events\/\" class=\"read-more te-post-btn\"><i class=\"icon fas fa-angle-right\"><\/i><\/a>\r\n                <\/div>\r\n            <\/div>               \r\n                <\/div>\n        \n<\/section>\n<!-- ==== \/ blog section end ==== -->\n\n\n\t\t\t\t<\/div>\n\t\t\t\t<\/div>\n\t\t\t\t\t<\/div>\n\t\t\t\t<\/div>\n\t\t\t\t<\/div>","protected":false},"excerpt":{"rendered":"<p>Balkanlar\u0131n Kalbinde Konum Pri\u015ftine: 2 saatlik u\u00e7u\u015f mesafesinde 6 \u00fclke, 20 milyonluk pazar. \u201cKosova\u2019da g\u00f6r\u00fcn, Balkanlar\u2019da tan\u0131n\u0131n.\u201d T\u00fcrkiye ile G\u00fc\u00e7l\u00fc Ba\u011flar 500+ T\u00fcrk \u015firketi Y\u00fcksek k\u00fclt\u00fcrel g\u00fcven \u201cKosova\u2019da T\u00fcrk markalar\u0131na kap\u0131lar zaten a\u00e7\u0131k.\u201d Y\u00fckselen Sa\u011fl\u0131k Turizmi Talebi B\u00f6lge \u00fclkelerinde tedaviye eri\u015fim k\u0131s\u0131tl\u0131; T\u00fcrkiye geli\u015fmi\u015f altyap\u0131s\u0131 ve uzman kadrosuyla ilk tercihlerde. Ekonomik \u0130stikrar Euro kullan\u0131m\u0131, d\u00fc\u015f\u00fck [&hellip;]<\/p>","protected":false},"author":1,"featured_media":0,"parent":0,"menu_order":0,"comment_status":"closed","ping_status":"closed","template":"elementor_header_footer","meta":{"footnotes":""},"class_list":["post-1369","page","type-page","status-publish","hentry"],"_links":{"self":[{"href":"https:\/\/nobelbalkanhealth.com\/en\/wp-json\/wp\/v2\/pages\/1369","targetHints":{"allow":["GET"]}}],"collection":[{"href":"https:\/\/nobelbalkanhealth.com\/en\/wp-json\/wp\/v2\/pages"}],"about":[{"href":"https:\/\/nobelbalkanhealth.com\/en\/wp-json\/wp\/v2\/types\/page"}],"author":[{"embeddable":true,"href":"https:\/\/nobelbalkanhealth.com\/en\/wp-json\/wp\/v2\/users\/1"}],"replies":[{"embeddable":true,"href":"https:\/\/nobelbalkanhealth.com\/en\/wp-json\/wp\/v2\/comments?post=1369"}],"version-history":[{"count":4,"href":"https:\/\/nobelbalkanhealth.com\/en\/wp-json\/wp\/v2\/pages\/1369\/revisions"}],"predecessor-version":[{"id":20571,"href":"https:\/\/nobelbalkanhealth.com\/en\/wp-json\/wp\/v2\/pages\/1369\/revisions\/20571"}],"wp:attachment":[{"href":"https:\/\/nobelbalkanhealth.com\/en\/wp-json\/wp\/v2\/media?parent=1369"}],"curies":[{"name":"wp","href":"https:\/\/api.w.org\/{rel}","templated":true}]}}