{"id":20516,"date":"2025-11-17T11:42:08","date_gmt":"2025-11-17T11:42:08","guid":{"rendered":"https:\/\/nobelbalkanhealth.com\/?page_id=20516"},"modified":"2025-11-19T19:25:13","modified_gmt":"2025-11-19T19:25:13","slug":"katilimci","status":"publish","type":"page","link":"https:\/\/nobelbalkanhealth.com\/en\/katilimci\/","title":{"rendered":"Participant"},"content":{"rendered":"<div data-elementor-type=\"wp-page\" data-elementor-id=\"20516\" class=\"elementor elementor-20516\">\n\t\t\t\t<div class=\"elementor-element elementor-element-cde54f7 e-flex e-con-boxed e-con e-parent\" data-id=\"cde54f7\" data-element_type=\"container\">\n\t\t\t\t\t<div class=\"e-con-inner\">\n\t\t\t\t<div class=\"elementor-element elementor-element-17c74c8 elementor-widget elementor-widget-heading\" data-id=\"17c74c8\" data-element_type=\"widget\" data-widget_type=\"heading.default\">\n\t\t\t\t<div class=\"elementor-widget-container\">\n\t\t\t\t\t    \t\n<div class=\"sec-title main-title-section centered text-center m-0 p-0\">    \n        \n        <h2 class=\"text-reveal-anim te-title\">Why Should You Participate?<\/h2>\n        \n    <\/div>\t\t\t\t<\/div>\n\t\t\t\t<\/div>\n\t\t\t\t\t<\/div>\n\t\t\t\t<\/div>\n\t\t<div class=\"elementor-element elementor-element-8b999e0 e-flex e-con-boxed e-con e-parent\" data-id=\"8b999e0\" data-element_type=\"container\">\n\t\t\t\t\t<div class=\"e-con-inner\">\n\t\t\t\t<div class=\"elementor-element elementor-element-c9b6b7c exp-post-layout-service-1 elementor-widget elementor-widget-post_grid\" data-id=\"c9b6b7c\" data-element_type=\"widget\" data-widget_type=\"post_grid.default\">\n\t\t\t\t<div class=\"elementor-widget-container\">\n\t\t\t\t\t\n<!-- ==== blog section start ==== -->\n<section id=\"post_grid-c9b6b7c-5826\" class=\"features-section p-0 m-0 exp-grid\" data-layout=\"masonry\" data-start-page=\"1\" data-max-pages=\"2\" data-total=\"5\" data-next-link=\"https:\/\/nobelbalkanhealth.com\/en\/wp-json\/wp\/v2\/pages\/20516\/page\/2\/\">\n        \n        <div class=\"exp-grid-inner exp-grid-masonry row gutter-40\" data-gutter=\"15\">\n            <div class=\"grid-sizer col-xl-3 col-lg-3 col-md-4 col-sm-6 col-12\"><\/div>\n                        <div class=\"exp-grid-item col-xl-3 col-lg-3 col-md-4 col-sm-6 col-12 feature-block has-active wow fadeInUp\">\r\n                <div class=\"inner-box\">\r\n                    \r\n                                        <div class=\"te-icons\">\r\n                        <i class=\"icon fab fa-instalod\"><\/i>\r\n                    <\/div>\r\n                                        \r\n                     \r\n                    \r\n                    <div class=\"content\">\r\n                        <h5 class=\"title te-title\">Government &amp; Corporate Support<\/h5>\r\n                                                <div class=\"text te-text\">T\u00dcK\u0130AD, H\u0130B, TIKA and the Kosovo Ministry of Health are active and strong stakeholders who have played an important role in the progress of the process.<\/div>\r\n                                                <a href=\"https:\/\/nobelbalkanhealth.com\/en\/service\/art-shows-events\/\" class=\"read-more te-post-btn\">\r\n                            <span>\r\n                                                                    Read More                                                            <\/span> <i class=\"fa fa-arrow-right\"><\/i>\r\n                        <\/a>\r\n                    <\/div>\r\n                                        \r\n                <\/div>                \r\n            <\/div>\r\n                    <div class=\"exp-grid-item col-xl-3 col-lg-3 col-md-4 col-sm-6 col-12 feature-block has-active wow fadeInUp\">\r\n                <div class=\"inner-box active\">\r\n                    \r\n                                        <div class=\"te-icons\">\r\n                        <i class=\"icon far fa-money-bill-wave\"><\/i>\r\n                    <\/div>\r\n                                        \r\n                     \r\n                    \r\n                    <div class=\"content\">\r\n                        <h5 class=\"title te-title\">Economic Stability<\/h5>\r\n                                                <div class=\"text te-text\">The use of the euro, the low tax advantage and the EU-compliant investment climate make the region extremely attractive for investors.<\/div>\r\n                                                <a href=\"https:\/\/nobelbalkanhealth.com\/en\/service\/inspiring-keynotes\/\" class=\"read-more te-post-btn\">\r\n                            <span>\r\n                                                                    Read More                                                            <\/span> <i class=\"fa fa-arrow-right\"><\/i>\r\n                        <\/a>\r\n                    <\/div>\r\n                                        \r\n                <\/div>                \r\n            <\/div>\r\n                    <div class=\"exp-grid-item col-xl-3 col-lg-3 col-md-4 col-sm-6 col-12 feature-block has-active wow fadeInUp\">\r\n                <div class=\"inner-box\">\r\n                    \r\n                                        <div class=\"te-icons\">\r\n                        <i class=\"icon far fa-hand-holding-heart\"><\/i>\r\n                    <\/div>\r\n                                        \r\n                     \r\n                    \r\n                    <div class=\"content\">\r\n                        <h5 class=\"title te-title\">Rising Health Tourism Demand<\/h5>\r\n                                                <div class=\"text te-text\">Access to treatment is limited in the countries in the region; Turkey is the first choice with its advanced infrastructure and expert staff.<\/div>\r\n                                                <a href=\"https:\/\/nobelbalkanhealth.com\/en\/service\/networking-people\/\" class=\"read-more te-post-btn\">\r\n                            <span>\r\n                                                                    Read More                                                            <\/span> <i class=\"fa fa-arrow-right\"><\/i>\r\n                        <\/a>\r\n                    <\/div>\r\n                                        \r\n                <\/div>                \r\n            <\/div>\r\n                    <div class=\"exp-grid-item col-xl-3 col-lg-3 col-md-4 col-sm-6 col-12 feature-block has-active wow fadeInUp\">\r\n                <div class=\"inner-box\">\r\n                    \r\n                                        <div class=\"te-icons\">\r\n                        <i class=\"icon fab fa-connectdevelop\"><\/i>\r\n                    <\/div>\r\n                                        \r\n                     \r\n                    \r\n                    <div class=\"content\">\r\n                        <h5 class=\"title te-title\">Strong Ties with Turkey<\/h5>\r\n                                                <div class=\"text te-text\">500+ Turkish companies High cultural trust \u201cThe doors are already open for Turkish brands in Kosovo.\u201d<\/div>\r\n                                                <a href=\"https:\/\/nobelbalkanhealth.com\/en\/service\/best-digital-ideas\/\" class=\"read-more te-post-btn\">\r\n                            <span>\r\n                                                                    Read More                                                            <\/span> <i class=\"fa fa-arrow-right\"><\/i>\r\n                        <\/a>\r\n                    <\/div>\r\n                                        \r\n                <\/div>                \r\n            <\/div>\r\n                <\/div>\n                \n<\/section>\n<!-- ==== \/ blog section end ==== -->\n\n\n\t\t\t\t<\/div>\n\t\t\t\t<\/div>\n\t\t\t\t\t<\/div>\n\t\t\t\t<\/div>\n\t\t\t\t<\/div>","protected":false},"excerpt":{"rendered":"<p>Neden Kat\u0131l\u0131mc\u0131 Olmal\u0131s\u0131n\u0131z? Devlet &#038; Kurumsal Destek T\u00dcK\u0130AD, H\u0130B, T\u0130KA ve Kosova Sa\u011fl\u0131k Bakanl\u0131\u011f\u0131, s\u00fcrecin ilerlemesinde \u00f6nemli rol oynayan aktif ve g\u00fc\u00e7l\u00fc payda\u015flard\u0131r. Read More Ekonomik \u0130stikrar Euro kullan\u0131m\u0131, d\u00fc\u015f\u00fck vergi avantaj\u0131 ve AB uyumlu yat\u0131r\u0131m ortam\u0131, b\u00f6lgeyi yat\u0131r\u0131mc\u0131lar i\u00e7in son derece cazip hale getiriyor. Read More Y\u00fckselen Sa\u011fl\u0131k Turizmi Talebi B\u00f6lge \u00fclkelerinde tedaviye eri\u015fim [&hellip;]<\/p>","protected":false},"author":1,"featured_media":0,"parent":0,"menu_order":0,"comment_status":"closed","ping_status":"closed","template":"","meta":{"footnotes":""},"class_list":["post-20516","page","type-page","status-publish","hentry"],"_links":{"self":[{"href":"https:\/\/nobelbalkanhealth.com\/en\/wp-json\/wp\/v2\/pages\/20516","targetHints":{"allow":["GET"]}}],"collection":[{"href":"https:\/\/nobelbalkanhealth.com\/en\/wp-json\/wp\/v2\/pages"}],"about":[{"href":"https:\/\/nobelbalkanhealth.com\/en\/wp-json\/wp\/v2\/types\/page"}],"author":[{"embeddable":true,"href":"https:\/\/nobelbalkanhealth.com\/en\/wp-json\/wp\/v2\/users\/1"}],"replies":[{"embeddable":true,"href":"https:\/\/nobelbalkanhealth.com\/en\/wp-json\/wp\/v2\/comments?post=20516"}],"version-history":[{"count":13,"href":"https:\/\/nobelbalkanhealth.com\/en\/wp-json\/wp\/v2\/pages\/20516\/revisions"}],"predecessor-version":[{"id":20534,"href":"https:\/\/nobelbalkanhealth.com\/en\/wp-json\/wp\/v2\/pages\/20516\/revisions\/20534"}],"wp:attachment":[{"href":"https:\/\/nobelbalkanhealth.com\/en\/wp-json\/wp\/v2\/media?parent=20516"}],"curies":[{"name":"wp","href":"https:\/\/api.w.org\/{rel}","templated":true}]}}