{"id":20559,"date":"2025-11-19T19:13:19","date_gmt":"2025-11-19T19:13:19","guid":{"rendered":"https:\/\/nobelbalkanhealth.com\/?page_id=20559"},"modified":"2025-11-19T19:23:45","modified_gmt":"2025-11-19T19:23:45","slug":"ziyaretci","status":"publish","type":"page","link":"https:\/\/nobelbalkanhealth.com\/en\/ziyaretci\/","title":{"rendered":"Visitor"},"content":{"rendered":"<div data-elementor-type=\"wp-page\" data-elementor-id=\"20559\" class=\"elementor elementor-20559\">\n\t\t\t\t<div class=\"elementor-element elementor-element-043d771 e-flex e-con-boxed e-con e-parent\" data-id=\"043d771\" data-element_type=\"container\">\n\t\t\t\t\t<div class=\"e-con-inner\">\n\t\t\t\t<div class=\"elementor-element elementor-element-5b1f5b3 elementor-widget elementor-widget-heading\" data-id=\"5b1f5b3\" data-element_type=\"widget\" data-widget_type=\"heading.default\">\n\t\t\t\t<div class=\"elementor-widget-container\">\n\t\t\t\t\t    \t\n<div class=\"sec-title main-title-section centered text-center m-0 p-0\">    \n        \n        <h2 class=\"text-reveal-anim te-title\">Why Should You Become a Visitor?<\/h2>\n        \n    <\/div>\t\t\t\t<\/div>\n\t\t\t\t<\/div>\n\t\t\t\t\t<\/div>\n\t\t\t\t<\/div>\n\t\t<div class=\"elementor-element elementor-element-c4acec7 e-flex e-con-boxed e-con e-parent\" data-id=\"c4acec7\" data-element_type=\"container\">\n\t\t\t\t\t<div class=\"e-con-inner\">\n\t\t\t\t<div class=\"elementor-element elementor-element-2a52ea1 elementor-widget elementor-widget-text-editor\" data-id=\"2a52ea1\" data-element_type=\"widget\" data-widget_type=\"text-editor.default\">\n\t\t\t\t\t\t\t\t\t<p data-start=\"70\" data-end=\"556\"><strong>Our health fair offers a unique platform that brings together the industry's most innovative solutions and current trends. Whether you are a hospital manager, healthcare professional or a visitor with an interest in medical technology, our exhibition provides inspiring and informative experiences for every attendee. You will have the opportunity to closely examine the latest medical devices, communicate directly with manufacturers and receive up-to-date information from expert professionals in the field.<\/strong><\/p><p data-start=\"558\" data-end=\"1050\"><strong>Our exhibition allows you to not only see products and technologies, but also gain insights into the future of the healthcare industry, discover innovative solutions and expand your business network. Attendees will have the chance to examine the latest developments in areas such as medical equipment, medical technologies, digital health applications, laboratory solutions and hospital management, while increasing their knowledge and experience with professional seminars, panel sessions and hands-on presentations.<\/strong><\/p><p data-start=\"1052\" data-end=\"1274\" data-is-last-node=\"\" data-is-only-node=\"\"><strong>In short, our health fair is an unmissable meeting point for everyone who wants to follow the innovations in the sector, discover new business opportunities and exchange information in an environment full of inspiration in the field of health.<\/strong><\/p>\t\t\t\t\t\t\t\t<\/div>\n\t\t\t\t\t<\/div>\n\t\t\t\t<\/div>\n\t\t<div class=\"elementor-element elementor-element-a498715 e-flex e-con-boxed e-con e-parent\" data-id=\"a498715\" data-element_type=\"container\">\n\t\t\t\t\t<div class=\"e-con-inner\">\n\t\t<div class=\"elementor-element elementor-element-54f06d8 e-con-full e-flex e-con e-child\" data-id=\"54f06d8\" data-element_type=\"container\">\n\t\t\t\t<div class=\"elementor-element elementor-element-32c51f9 elementor-widget elementor-widget-text-editor\" data-id=\"32c51f9\" data-element_type=\"widget\" data-widget_type=\"text-editor.default\">\n\t\t\t\t\t\t\t\t\t<h3 class=\"s3\"><span class=\"s2\"><strong>FAIR CODE<\/strong><\/span><\/h3><p class=\"s5\"><strong><span class=\"s2\">Fair Name<\/span><\/strong><span class=\"s7\"> Balkan Health Expo<\/span><span class=\"s7\"><br \/><\/span><strong><span class=\"s2\">History:<\/span><\/strong><span class=\"s7\"> 5-6 December 2025<\/span><span class=\"s7\"><br \/><\/span><strong><span class=\"s2\">Location: <\/span><\/strong>Swiss Diamond Hotel, Pristina<br \/><strong><span class=\"s2\">Organiser<\/span><\/strong><span class=\"s7\"> Nobel Expo Fuarc\u0131l\u0131k A.S. - <\/span><a href=\"http:\/\/www.nobelexpo.com\/\"><span class=\"s11\">www.nobelexpo.com<\/span><\/a><span class=\"s7\"><br \/><\/span><strong><span class=\"s2\">Visiting Hours:<\/span><\/strong><span class=\"s7\"> 10:00 - 18:00 (5-6 December)<\/span><\/p>\t\t\t\t\t\t\t\t<\/div>\n\t\t\t\t<\/div>\n\t\t\t\t<div class=\"elementor-element elementor-element-14f5859 elementor-widget elementor-widget-image\" data-id=\"14f5859\" data-element_type=\"widget\" data-widget_type=\"image.default\">\n\t\t\t\t\t\t\t\t\t\t\t\t\t\t\t<img fetchpriority=\"high\" decoding=\"async\" width=\"1024\" height=\"576\" src=\"https:\/\/nobelbalkanhealth.com\/wp-content\/uploads\/2025\/11\/WhatsApp-Image-2025-11-15-at-11.13.31-1024x576.jpeg\" class=\"attachment-large size-large wp-image-20334\" alt=\"\" srcset=\"https:\/\/nobelbalkanhealth.com\/wp-content\/uploads\/2025\/11\/WhatsApp-Image-2025-11-15-at-11.13.31-1024x576.jpeg 1024w, https:\/\/nobelbalkanhealth.com\/wp-content\/uploads\/2025\/11\/WhatsApp-Image-2025-11-15-at-11.13.31-300x169.jpeg 300w, https:\/\/nobelbalkanhealth.com\/wp-content\/uploads\/2025\/11\/WhatsApp-Image-2025-11-15-at-11.13.31-768x432.jpeg 768w, https:\/\/nobelbalkanhealth.com\/wp-content\/uploads\/2025\/11\/WhatsApp-Image-2025-11-15-at-11.13.31-1170x658.jpeg 1170w, https:\/\/nobelbalkanhealth.com\/wp-content\/uploads\/2025\/11\/WhatsApp-Image-2025-11-15-at-11.13.31.jpeg 1280w\" sizes=\"(max-width: 1024px) 100vw, 1024px\" \/>\t\t\t\t\t\t\t\t\t\t\t\t\t\t\t<\/div>\n\t\t\t\t\t<\/div>\n\t\t\t\t<\/div>\n\t\t<div class=\"elementor-element elementor-element-83532e5 e-flex e-con-boxed e-con e-parent\" data-id=\"83532e5\" data-element_type=\"container\">\n\t\t\t\t\t<div class=\"e-con-inner\">\n\t\t\t\t\t<\/div>\n\t\t\t\t<\/div>\n\t\t\t\t<\/div>","protected":false},"excerpt":{"rendered":"<p>Neden Ziyaret\u00e7i Olmal\u0131s\u0131n\u0131z? Sa\u011fl\u0131k fuar\u0131m\u0131z, sekt\u00f6r\u00fcn en yenilik\u00e7i \u00e7\u00f6z\u00fcmlerini ve g\u00fcncel trendlerini bir araya getiren benzersiz bir platform sunuyor. \u0130ster hastane y\u00f6neticisi olun, ister sa\u011fl\u0131k profesyoneli, isterse medikal teknoloji alan\u0131na ilgi duyan bir ziyaret\u00e7i, fuar\u0131m\u0131z her kat\u0131l\u0131mc\u0131ya ilham verici ve bilgilendirici deneyimler sa\u011fl\u0131yor. En yeni t\u0131bbi cihazlar\u0131 yak\u0131ndan inceleme, \u00fcretici firmalarla do\u011frudan ileti\u015fim kurma ve [&hellip;]<\/p>","protected":false},"author":1,"featured_media":0,"parent":0,"menu_order":0,"comment_status":"closed","ping_status":"closed","template":"","meta":{"footnotes":""},"class_list":["post-20559","page","type-page","status-publish","hentry"],"_links":{"self":[{"href":"https:\/\/nobelbalkanhealth.com\/en\/wp-json\/wp\/v2\/pages\/20559","targetHints":{"allow":["GET"]}}],"collection":[{"href":"https:\/\/nobelbalkanhealth.com\/en\/wp-json\/wp\/v2\/pages"}],"about":[{"href":"https:\/\/nobelbalkanhealth.com\/en\/wp-json\/wp\/v2\/types\/page"}],"author":[{"embeddable":true,"href":"https:\/\/nobelbalkanhealth.com\/en\/wp-json\/wp\/v2\/users\/1"}],"replies":[{"embeddable":true,"href":"https:\/\/nobelbalkanhealth.com\/en\/wp-json\/wp\/v2\/comments?post=20559"}],"version-history":[{"count":8,"href":"https:\/\/nobelbalkanhealth.com\/en\/wp-json\/wp\/v2\/pages\/20559\/revisions"}],"predecessor-version":[{"id":20568,"href":"https:\/\/nobelbalkanhealth.com\/en\/wp-json\/wp\/v2\/pages\/20559\/revisions\/20568"}],"wp:attachment":[{"href":"https:\/\/nobelbalkanhealth.com\/en\/wp-json\/wp\/v2\/media?parent=20559"}],"curies":[{"name":"wp","href":"https:\/\/api.w.org\/{rel}","templated":true}]}}